{"id":3429,"date":"2020-04-06T08:45:14","date_gmt":"2020-04-06T06:45:14","guid":{"rendered":"http:\/\/osobdravinji.splet.arnes.si\/?page_id=3429"},"modified":"2026-01-25T20:04:09","modified_gmt":"2026-01-25T19:04:09","slug":"vpis-v-1-razred","status":"publish","type":"page","link":"https:\/\/osobdravinji.splet.arnes.si\/?page_id=3429","title":{"rendered":"Vpis v 1. razred"},"content":{"rendered":"<p><strong>Vpis v 1. razred O\u0160 Ob Dravinji in PO\u0160 Tepanje za \u0161olsko leto 2026\/2027<\/strong><\/p>\n<p>Na podlagi 44. \u010dlena Zakona o osnovni \u0161oli (Uradni list RS, \u0161t. 81\/2006 in \u0161t. 54\/2025)\u00a0<u>morajo star\u0161i v 1. razred osnovne \u0161ole vpisati otroke, ki bodo v koledarskem letu, v katerem bodo za\u010deli obiskovati \u0161olo, dopolnili starost 6 let<\/u>. Vpis otrok v 1. razred osnovne \u0161ole podrobneje ureja Uredba o merilih za oblikovanje javne mre\u017ee osnovnih \u0161ol in zavodov za vzgojo in izobra\u017eevanje otrok in mladostnikov s posebnimi potrebami ter javne mre\u017ee glasbenih \u0161ol (Uradni list RS, \u0160T. 16\/98, 27\/99, 134\/03, 37\/16 in 4\/18).<\/p>\n<p><strong>\u00a0<\/strong><\/p>\n<p><strong>Kdaj in kako poteka vpis?<\/strong><\/p>\n<p><u>Vpis v 1. razred poteka v mesecu februarju za naslednje \u0161olsko leto<\/u>. Otroci, ki imajo prijavljeno stalno ali za\u010dasno prebivali\u0161\u010de v \u0161olskem \u00a0okoli\u0161u O\u0160 Ob Dravinji, bodo na dom prejeli vabilo na 1. roditeljski sestanek, kjer bodo prejeli nadaljnje informacije glede samega vpisa in vso potrebno dokumentacijo (soglasje za obdelavo osebnih podatkov, prijava v oddelek jutranjega varstva in oddelek podalj\u0161anega bivanja in soglasje drugega star\u0161a za vpis).<\/p>\n<p>Postopek vpisa bo izveden <u>osebno v pisarni svetovalne delavke<\/u>. Na vpis boste pri\u0161li skupaj z otrokom in prinesli vse izpolnjene obrazce. Skupaj bomo preverili podatke, jih vnesli v sistem in jih natisnili. Dogovorili se bomo \u0161e o terminu zdravni\u0161kega pregleda, star\u0161i pa boste nato podpisali Vpisni list in s tem bo postopek vpisa zaklju\u010den.<\/p>\n<p>V kolikor bodo \u0161e kak\u0161ne posebnosti (prepis na drugo \u0161olo, odlog \u0161olanja), bomo izpolnili tudi predpisano dokumentacijo.<\/p>\n<p><strong>\u00a0<\/strong><\/p>\n<p><strong>\u0160olski okoli\u0161<\/strong><\/p>\n<p>Ministrstvo pristojno za \u0161olstvo si pridobi podatke o \u0161oloobveznih otrocih iz registra\u00a0<u>stalnega in razvida za\u010dasnega prebivali\u0161\u010da<\/u>.<\/p>\n<p><strong>\u00a0<\/strong><\/p>\n<p><strong>Postopek prepisa v drugo \u0161olo<\/strong><\/p>\n<p>Star\u0161i vpi\u0161ejo otroka v javno ali zasebno osnovno \u0161olo s koncesijo v \u0161olskem okoli\u0161u, v katerem otrok stalno ali za\u010dasno biva. V drugo osnovno \u0161olo lahko star\u0161i vpi\u0161ejo otroka, \u010de ta \u0161ola s tem sogla\u0161a.<\/p>\n<p>V primeru, da star\u0161i \u017eelite otroka vpisati na drugo \u0161olo (v drugem \u0161olskem okoli\u0161u), otrok pa sodi v na\u0161 \u0161olski okoli\u0161, potem:<\/p>\n<ul>\n<li>obvezno vpi\u0161ite otroka pri nas,<\/li>\n<li>nas pisno obvestite o nameri in navedete razloge za prepis (obrazec\u00a0<strong>Obvestilo o prepisu)<\/strong>,<\/li>\n<li>izbrano \u0161olo kontaktirajte in oddate\u00a0<strong>Vlogo za prepis\u00a0<\/strong>(najkasneje v 14 dneh po izteku roka za vpis).<\/li>\n<\/ul>\n<p>Enak postopek velja za star\u0161e, ki \u017eelite\u00a0<strong>prepisati otroka na na\u0161o \u0161olo<\/strong>\u00a0in ne \u017eivite v na\u0161em okoli\u0161u. Za prepis na na\u0161o \u0161olo morate izpolniti obrazec\u00a0<strong>Vloga za vpis v 1. razred O\u0160 Ob Dravinji\/PO\u0160 Tepanje. <\/strong><\/p>\n<p>O soglasju k prepisu se medsebojno dogovorita mati\u010dna \u0161ola in \u0161ola, kamor \u017eelite vpisati otroka. Obvezen je posvet s \u0161olo mati\u010dnega \u0161olskega okoli\u0161a. Zapro\u0161ena \u0161ola ni dol\u017ena ugoditi pro\u0161nji star\u0161ev, \u010de bi to poseglo v njeno organizacijsko, kadrovsko strukturo in prostorske zmogljivosti. \u010ce se u\u010denec med \u0161olanjem preseli v \u0161olski okoli\u0161 druge osnovne \u0161ole, ima pravico dokon\u010dati \u0161olanje na tisti \u0161oli, na katero je vpisan.<\/p>\n<p><strong>\u00a0<\/strong><\/p>\n<p><strong>Ugotavljanje pripravljenosti\/odlo\u017eitev v\u0161olanja<\/strong><\/p>\n<p>Ob vpisu otroka v osnovno \u0161olo se lahko na \u017eeljo star\u0161ev ugotavlja pripravljenost otroka za vstop v \u0161olo. \u010ce star\u0161i predlagajo odlo\u017eitev v\u0161olanja, ker menijo, da njihov otrok ni pripravljen za vstop v \u0161olo, oziroma \u010de odlo\u017eitev v\u0161olanja predlaga zdravstvena slu\u017eba, je ugotavljanje pripravljenosti otroka za vstop v \u0161olo obvezno. O odlo\u017eitvi za\u010detka \u0161olanja odlo\u010di ravnatelj na podlagi obrazlo\u017eenega mnenja strokovne komisije, ki jo imenuje ravnatelj in jo sestavljajo \u0161olski zdravnik, svetovalni delavec ter vzgojitelj oziroma u\u010ditelj.<\/p>\n<p><strong>\u00a0<\/strong><\/p>\n<p><strong>Odlo\u017eitev v\u0161olanja med \u0161olskim letom<\/strong><\/p>\n<p>U\u010dencu se med \u0161olskim letom v prvem razredu lahko na predlog \u0161olske svetovalne slu\u017ebe, \u0161olske zdravstvene slu\u017ebe ali komisije za usmerjanje v soglasju s star\u0161i iz zdravstvenih in drugih razlogov odlo\u017ei \u0161olanje za eno leto.<\/p>\n<p>Najmanj tri mesece pred za\u010detkom pouka \u0161ola star\u0161em otrok, vpisanih v 1. razred, izda potrdilo o \u0161olanju oziroma odlo\u010dbo o odlo\u017eitvi za\u010detka \u0161olanja.<\/p>\n<p><strong>\u00a0<\/strong><\/p>\n<p><strong>U\u010denci s posebnimi potrebami<\/strong><\/p>\n<p>Star\u0161i imajo pravico otroka s posebnimi potrebami vpisati v osnovno \u0161olo v \u0161olskem okoli\u0161u, v katerem otrok stalno prebiva, razen \u010de ta \u0161ola ne izpolnjuje pogojev in je zaradi tega otroku s pravnomo\u010dno odlo\u010dbo o usmeritvi, ki jo izda ZRS\u0160, dolo\u010dena druga ustrezna osnovna \u0161ola.<\/p>\n<p><strong>Zdravni\u0161ki pregled pred vstopom v \u0161olo<\/strong><\/p>\n<p>Pred vstopom v 1. razred morajo otroci opraviti zdravni\u0161ki pregled. O terminu se bomo dogovorili na vpisu.<\/p>\n<p>Zdravni\u0161ki pregled se opravlja pri \u0161olski zdravnici dr. Sa\u0161i Korez v ZD Slov. Konjice. Za ve\u010d informacij lahko pokli\u010dete na telefonsko \u0161tevilko 03 758 17 09.<\/p>\n<p><strong>\u00a0<\/strong><\/p>\n<p><strong>Kontaktna oseba<\/strong><\/p>\n<p>Vpisni postopek vodi \u0161olska svetovalna delavka, ga. Ingrid Dorner Radosavljevi\u0107. Za ve\u010d informacij je dosegljiva na:<\/p>\n<p>\u2013 telefonski \u0161tevilki\u00a0<strong>03 757 27 33<\/strong><\/p>\n<p>\u2013 elektronski po\u0161ti\u00a0<a href=\"mailto:suzana.kovse@obdravinji.si\"><strong>svetovalna.sluzba@obdravinji.si<\/strong><\/a><\/p>\n<p>\u2013 osebno <u>po predhodnem dogovoru<\/u> v pisarni \u0161olske svetovalne delavke.<\/p>\n<p><strong>\u00a0<\/strong><\/p>\n<p><strong>DOKUMENTI:<\/strong><\/p>\n<p><a href=\"https:\/\/osobdravinji.splet.arnes.si\/files\/2026\/01\/Soglasje-drugega-starsa-za-vpis_OS.pdf\">Soglasje drugega star\u0161a za vpis_O\u0160<\/a><\/p>\n<p><a href=\"https:\/\/osobdravinji.splet.arnes.si\/files\/2026\/01\/Soglasje-drugega-starsa-za-vpis-POS-Tepanje.pdf\">Soglasje drugega star\u0161a za vpis (PO\u0160 Tepanje)<\/a><\/p>\n<p><a href=\"https:\/\/osobdravinji.splet.arnes.si\/files\/2026\/01\/Obvestilo-o-prepisu-iz-OS-Ob-Dravinji.pdf\">Obvestilo o prepisu iz O\u0160 Ob Dravinji<\/a><\/p>\n<p><a href=\"https:\/\/osobdravinji.splet.arnes.si\/files\/2026\/01\/Obvestilo-o-prepisu-iz-POS-Tepanje.pdf\">Obvestilo o prepisu iz PO\u0160 Tepanje<\/a><\/p>\n<p><a href=\"https:\/\/osobdravinji.splet.arnes.si\/files\/2026\/01\/Vloga-za-vpis-v-1.-razred-OS-Ob-Dravinji.pdf\">Vloga za vpis v 1. razred O\u0160 Ob Dravinji<\/a><\/p>\n<p><a href=\"https:\/\/osobdravinji.splet.arnes.si\/files\/2026\/01\/Vloga-za-vpis-v-1.-razred-POS-Tepanje.pdf\">Vloga za vpis v 1. razred PO\u0160 Tepanje<\/a><\/p>\n<p><a href=\"https:\/\/osobdravinji.splet.arnes.si\/files\/2026\/01\/Odlog-vpisa_vloga.pdf\">Vloga za odlo\u017eitev \u0161olanja<\/a><!--more--><\/p>\n","protected":false},"excerpt":{"rendered":"<p>Vpis v 1. razred O\u0160 Ob Dravinji in PO\u0160 Tepanje za \u0161olsko leto 2026\/2027 Na podlagi 44. \u010dlena Zakona o osnovni \u0161oli (Uradni list RS, \u0161t. 81\/2006 in \u0161t. 54\/2025)\u00a0morajo star\u0161i v 1. razred osnovne \u0161ole vpisati otroke, ki bodo v koledarskem letu, v katerem bodo za\u010deli obiskovati \u0161olo, dopolnili starost 6 let. Vpis otrok v 1. razred osnovne \u0161ole podrobneje ureja Uredba o merilih za oblikovanje javne mre\u017ee osnovnih \u0161ol in zavodov za vzgojo in izobra\u017eevanje otrok in mladostnikov s posebnimi potrebami ter javne mre\u017ee glasbenih \u0161ol (Uradni list RS, \u0160T. 16\/98, 27\/99, 134\/03, 37\/16 in 4\/18). \u00a0 Kdaj [&hellip;]<\/p>\n","protected":false},"author":36039,"featured_media":0,"parent":0,"menu_order":0,"comment_status":"closed","ping_status":"closed","template":"","meta":{"footnotes":""},"class_list":["post-3429","page","type-page","status-publish","hentry"],"_links":{"self":[{"href":"https:\/\/osobdravinji.splet.arnes.si\/index.php?rest_route=\/wp\/v2\/pages\/3429","targetHints":{"allow":["GET"]}}],"collection":[{"href":"https:\/\/osobdravinji.splet.arnes.si\/index.php?rest_route=\/wp\/v2\/pages"}],"about":[{"href":"https:\/\/osobdravinji.splet.arnes.si\/index.php?rest_route=\/wp\/v2\/types\/page"}],"author":[{"embeddable":true,"href":"https:\/\/osobdravinji.splet.arnes.si\/index.php?rest_route=\/wp\/v2\/users\/36039"}],"replies":[{"embeddable":true,"href":"https:\/\/osobdravinji.splet.arnes.si\/index.php?rest_route=%2Fwp%2Fv2%2Fcomments&post=3429"}],"version-history":[{"count":15,"href":"https:\/\/osobdravinji.splet.arnes.si\/index.php?rest_route=\/wp\/v2\/pages\/3429\/revisions"}],"predecessor-version":[{"id":15359,"href":"https:\/\/osobdravinji.splet.arnes.si\/index.php?rest_route=\/wp\/v2\/pages\/3429\/revisions\/15359"}],"wp:attachment":[{"href":"https:\/\/osobdravinji.splet.arnes.si\/index.php?rest_route=%2Fwp%2Fv2%2Fmedia&parent=3429"}],"curies":[{"name":"wp","href":"https:\/\/api.w.org\/{rel}","templated":true}]}}