{"id":185,"date":"2019-09-04T20:06:57","date_gmt":"2019-09-04T18:06:57","guid":{"rendered":"http:\/\/osobdravinji.splet.arnes.si\/?page_id=185"},"modified":"2026-04-17T13:58:22","modified_gmt":"2026-04-17T11:58:22","slug":"izbirni-predmeti","status":"publish","type":"page","link":"https:\/\/osobdravinji.splet.arnes.si\/?page_id=185","title":{"rendered":"Izbirni predmeti"},"content":{"rendered":"<h2 class=\"art-postheader\"><\/h2>\n<div class=\"art-postcontent clearfix\">\n<div class=\"art-article\">\n<p>Vsak u\u010denec se v 7., 8. in 9. razredu odlo\u010di za dve uri pouka izbirnih predmetov tedensko, lahko tudi tri ure, \u010de s tem sogla\u0161ajo star\u0161i. To pomeni, da u\u010denci ne izbirajo ve\u010d dveh ali treh predmetov, ampak dve ali tri ure tedensko.<\/p>\n<p>\u0160ola je ponudila pouk izbirnih predmetov iz dru\u017eboslovno-humanisti\u010dnega in naravoslovno-tehni\u010dnega sklopa, ki so potrjeni s strani strokovnega sveta. U\u010denci lahko izbirajo dve ali tri ure pouka iz katerega koli sklopa.<\/p>\n<p>Izbirni predmeti so obvezni del pouka in so ume\u0161\u010deni v urnik. Ocenjujejo se z ocenami od 1 do 5. V primeru, da je u\u010denec ob koncu \u0161olskega leta pri izbirnem predmetu ocenjen z oceno 1 (nezadostno), ima popravni izpit. U\u010denec, ki obiskuje glasbeno \u0161olo z javno veljavnim programom, je lahko opro\u0161\u010den izbirnih predmetov v celoti ali eno uro tedensko, \u010de je izpolnil vlogo za oprostitev.<\/p>\n<\/div>\n<\/div>\n","protected":false},"excerpt":{"rendered":"<p>Vsak u\u010denec se v 7., 8. in 9. razredu odlo\u010di za dve uri pouka izbirnih predmetov tedensko, lahko tudi tri ure, \u010de s tem sogla\u0161ajo star\u0161i. To pomeni, da u\u010denci ne izbirajo ve\u010d dveh ali treh predmetov, ampak dve ali tri ure tedensko. \u0160ola je ponudila pouk izbirnih predmetov iz dru\u017eboslovno-humanisti\u010dnega in naravoslovno-tehni\u010dnega sklopa, ki so potrjeni s strani strokovnega sveta. U\u010denci lahko izbirajo dve ali tri ure pouka iz katerega koli sklopa. Izbirni predmeti so obvezni del pouka in so ume\u0161\u010deni v urnik. Ocenjujejo se z ocenami od 1 do 5. V primeru, da je u\u010denec ob koncu \u0161olskega [&hellip;]<\/p>\n","protected":false},"author":34631,"featured_media":0,"parent":0,"menu_order":0,"comment_status":"closed","ping_status":"closed","template":"","meta":{"footnotes":""},"class_list":["post-185","page","type-page","status-publish","hentry"],"_links":{"self":[{"href":"https:\/\/osobdravinji.splet.arnes.si\/index.php?rest_route=\/wp\/v2\/pages\/185","targetHints":{"allow":["GET"]}}],"collection":[{"href":"https:\/\/osobdravinji.splet.arnes.si\/index.php?rest_route=\/wp\/v2\/pages"}],"about":[{"href":"https:\/\/osobdravinji.splet.arnes.si\/index.php?rest_route=\/wp\/v2\/types\/page"}],"author":[{"embeddable":true,"href":"https:\/\/osobdravinji.splet.arnes.si\/index.php?rest_route=\/wp\/v2\/users\/34631"}],"replies":[{"embeddable":true,"href":"https:\/\/osobdravinji.splet.arnes.si\/index.php?rest_route=%2Fwp%2Fv2%2Fcomments&post=185"}],"version-history":[{"count":5,"href":"https:\/\/osobdravinji.splet.arnes.si\/index.php?rest_route=\/wp\/v2\/pages\/185\/revisions"}],"predecessor-version":[{"id":16024,"href":"https:\/\/osobdravinji.splet.arnes.si\/index.php?rest_route=\/wp\/v2\/pages\/185\/revisions\/16024"}],"wp:attachment":[{"href":"https:\/\/osobdravinji.splet.arnes.si\/index.php?rest_route=%2Fwp%2Fv2%2Fmedia&parent=185"}],"curies":[{"name":"wp","href":"https:\/\/api.w.org\/{rel}","templated":true}]}}