{"id":165,"date":"2019-09-04T20:06:57","date_gmt":"2019-09-04T18:06:57","guid":{"rendered":"http:\/\/osobdravinji.splet.arnes.si\/?page_id=165"},"modified":"2025-01-13T09:46:43","modified_gmt":"2025-01-13T08:46:43","slug":"svet-starsev","status":"publish","type":"page","link":"https:\/\/osobdravinji.splet.arnes.si\/?page_id=165","title":{"rendered":"Svet star\u0161ev"},"content":{"rendered":"<p>Sestavljen je tako, da ima v njem vsak oddelek po enega predstavnika, ki ga star\u0161i izvolijo na 1. roditeljskem sestanku oddelka za teko\u010de \u0161olsko leto. Prvi sklic opravi ravnatelj. Svet star\u0161ev predlaga in odlo\u010da v skladu z 66. \u010dlenom Zakona o organizaciji in financiranju vzgoje in izobra\u017eevanja (Ur. l. RS, \u0161t. 16\/07, 36\/08). \u010clanstvo v svetu je povezano s statusom u\u010denca.<\/p>\n<p>Svet star\u0161ev:<\/p>\n<p>&#8211;&nbsp;&nbsp;&nbsp;&nbsp;&nbsp;&nbsp;&nbsp;&nbsp;predlaga nadstandardne programe,<\/p>\n<p>&#8211;&nbsp;&nbsp;&nbsp;&nbsp;&nbsp;&nbsp;&nbsp;&nbsp;daje soglasje k predlogu ravnatelja o nadstandardnih storitvah,<\/p>\n<p>&#8211;&nbsp;&nbsp;&nbsp;&nbsp;&nbsp;&nbsp;&nbsp;&nbsp;daje mnenje o predlogu programa razvoja vrtca oziroma \u0161ole in o letnem delovnem na\u010drtu,<\/p>\n<p>&#8211;&nbsp;&nbsp;&nbsp;&nbsp;&nbsp;&nbsp;&nbsp;&nbsp;daje mnenje o kandidatih, ki izpolnjujejo pogoje za ravnatelja,<\/p>\n<p>&#8211;&nbsp;&nbsp;&nbsp;&nbsp;&nbsp;&nbsp;&nbsp;&nbsp;razpravlja o poro\u010dilih ravnatelja o vzgojno-izobra\u017eevalni problematiki,<\/p>\n<p>&#8211;&nbsp;&nbsp;&nbsp;&nbsp;&nbsp;&nbsp;&nbsp;&nbsp;obravnava prito\u017ebe star\u0161ev v zvezi z vzgojno-izobra\u017eevalnim delom,<\/p>\n<p>&#8211;&nbsp;&nbsp;&nbsp;&nbsp;&nbsp;&nbsp;&nbsp;&nbsp;voli predstavnike v svet vrtca oziroma \u0161ole,<\/p>\n<p>&#8211;&nbsp;&nbsp;&nbsp;&nbsp;&nbsp;&nbsp;&nbsp;&nbsp;opravlja druge naloge v skladu z zakonom in drugimi predpisi.<\/p>\n\n\n<p><strong>Svet star\u0161ev O\u0160 Ob Dravinji v \u0161olskem letu 2024\/2025 sestavljajo:<\/strong><\/p>\n\n\n\n<figure class=\"wp-block-table\"><table class=\"has-pale-ocean-gradient-background has-background\"><tbody><tr><td><strong>ODDELEK<\/strong><\/td><td><strong>PREDSTAVNIK<\/strong><\/td><\/tr><tr><td><strong>1. a<\/strong><\/td><td>Ana Bezen\u0161ek<\/td><\/tr><tr><td><strong>1. b<\/strong><\/td><td>Teja Uran<\/td><\/tr><tr><td><strong>2. a<\/strong><\/td><td>Sintja \u0160uligoj&nbsp;<\/td><\/tr><tr><td><strong>2. b<\/strong><\/td><td>Petra Brdnik Juhart<\/td><\/tr><tr><td><strong>3. a<\/strong><\/td><td>Valentina Adam<\/td><\/tr><tr><td><strong>3. b<\/strong><\/td><td>Boris Petek<\/td><\/tr><tr><td><strong>4. a<\/strong><\/td><td>\u017diga Rasperger<\/td><\/tr><tr><td><strong>4. b<\/strong><\/td><td>Tina Margu\u010d<\/td><\/tr><tr><td><strong>5. a<\/strong><\/td><td>Toma\u017e Oni\u010d<\/td><\/tr><tr><td><strong>5. b<\/strong><\/td><td>Margareta Obrovnik Hla\u010dar<\/td><\/tr><tr><td><strong>6. a<\/strong><\/td><td>Jasmina Kotnik<\/td><\/tr><tr><td><strong>6. b<\/strong><\/td><td>Mateja Kolar<\/td><\/tr><tr><td><strong>7. a<\/strong><\/td><td>Marija \u010cuk Koro\u0161ec<\/td><\/tr><tr><td><strong>7. b<\/strong><\/td><td>Toni Stanojevi\u0107<\/td><\/tr><tr><td><strong>7. c<\/strong><\/td><td>Amadej \u0160kornik<\/td><\/tr><tr><td><strong>8. a<\/strong><\/td><td>Katja \u0160kof \u017davcer<\/td><\/tr><tr><td><strong>8. b<\/strong><\/td><td>Matic Petra\u0161<\/td><\/tr><tr><td><strong>8. c<\/strong><\/td><td>Robin Kran\u010dan<\/td><\/tr><tr><td><strong>9. a<\/strong><\/td><td>Anita Pe\u010dek Stram\u0161ak<\/td><\/tr><tr><td><strong>9. b<\/strong><\/td><td>Lovrencija Titan<\/td><\/tr><tr><td><strong>9. c<\/strong><\/td><td>Tanja Podergajs<\/td><\/tr><tr><td><strong>Tepanje 1. r<\/strong><\/td><td>Metka Javornik<\/td><\/tr><tr><td><strong>Tepanje 2. r<\/strong><\/td><td>Romina Breznik<\/td><\/tr><tr><td><strong>Tepanje 3. r<\/strong><\/td><td>Nata\u0161a Kozikar<\/td><\/tr><tr><td><strong>Tepanje 4. r<\/strong><\/td><td>Rok Planinc<\/td><\/tr><tr><td><strong>Tepanje 5. r<\/strong><\/td><td>Laura Marinko<\/td><\/tr><\/tbody><\/table><\/figure>\n","protected":false},"excerpt":{"rendered":"<p>Sestavljen je tako, da ima v njem vsak oddelek po enega predstavnika, ki ga star\u0161i izvolijo na 1. roditeljskem sestanku oddelka za teko\u010de \u0161olsko leto. Prvi sklic opravi ravnatelj. Svet star\u0161ev predlaga in odlo\u010da v skladu z 66. \u010dlenom Zakona o organizaciji in financiranju vzgoje in izobra\u017eevanja (Ur. l. RS, \u0161t. 16\/07, 36\/08). \u010clanstvo v svetu je povezano s statusom u\u010denca. Svet star\u0161ev: &#8211;&nbsp;&nbsp;&nbsp;&nbsp;&nbsp;&nbsp;&nbsp;&nbsp;predlaga nadstandardne programe, &#8211;&nbsp;&nbsp;&nbsp;&nbsp;&nbsp;&nbsp;&nbsp;&nbsp;daje soglasje k predlogu ravnatelja o nadstandardnih storitvah, &#8211;&nbsp;&nbsp;&nbsp;&nbsp;&nbsp;&nbsp;&nbsp;&nbsp;daje mnenje o predlogu programa razvoja vrtca oziroma \u0161ole in o letnem delovnem na\u010drtu, &#8211;&nbsp;&nbsp;&nbsp;&nbsp;&nbsp;&nbsp;&nbsp;&nbsp;daje mnenje o kandidatih, ki izpolnjujejo pogoje za ravnatelja, &#8211;&nbsp;&nbsp;&nbsp;&nbsp;&nbsp;&nbsp;&nbsp;&nbsp;razpravlja o poro\u010dilih [&hellip;]<\/p>\n","protected":false},"author":34631,"featured_media":0,"parent":0,"menu_order":0,"comment_status":"closed","ping_status":"closed","template":"","meta":{"footnotes":""},"class_list":["post-165","page","type-page","status-publish","hentry"],"_links":{"self":[{"href":"https:\/\/osobdravinji.splet.arnes.si\/index.php?rest_route=\/wp\/v2\/pages\/165","targetHints":{"allow":["GET"]}}],"collection":[{"href":"https:\/\/osobdravinji.splet.arnes.si\/index.php?rest_route=\/wp\/v2\/pages"}],"about":[{"href":"https:\/\/osobdravinji.splet.arnes.si\/index.php?rest_route=\/wp\/v2\/types\/page"}],"author":[{"embeddable":true,"href":"https:\/\/osobdravinji.splet.arnes.si\/index.php?rest_route=\/wp\/v2\/users\/34631"}],"replies":[{"embeddable":true,"href":"https:\/\/osobdravinji.splet.arnes.si\/index.php?rest_route=%2Fwp%2Fv2%2Fcomments&post=165"}],"version-history":[{"count":12,"href":"https:\/\/osobdravinji.splet.arnes.si\/index.php?rest_route=\/wp\/v2\/pages\/165\/revisions"}],"predecessor-version":[{"id":13047,"href":"https:\/\/osobdravinji.splet.arnes.si\/index.php?rest_route=\/wp\/v2\/pages\/165\/revisions\/13047"}],"wp:attachment":[{"href":"https:\/\/osobdravinji.splet.arnes.si\/index.php?rest_route=%2Fwp%2Fv2%2Fmedia&parent=165"}],"curies":[{"name":"wp","href":"https:\/\/api.w.org\/{rel}","templated":true}]}}