{"id":163,"date":"2019-09-04T20:06:57","date_gmt":"2019-09-04T18:06:57","guid":{"rendered":"http:\/\/osobdravinji.splet.arnes.si\/?page_id=163"},"modified":"2025-11-23T07:23:35","modified_gmt":"2025-11-23T06:23:35","slug":"zaposleni-in-e-poste","status":"publish","type":"page","link":"https:\/\/osobdravinji.splet.arnes.si\/?page_id=163","title":{"rendered":"Zaposleni in e-po\u0161te"},"content":{"rendered":"\n<p>POZOR:&nbsp;U\u010ditelji uporabljajo navedene e-naslove le za ob\u010dasno komunikacijo s star\u0161i, zato star\u0161e napro\u0161amo, da&nbsp;za komunikacijo z u\u010ditelji \u0161e vedno uporabljajo telefon oz. osebni obisk v \u0161oli. Vse e-po\u0161te u\u010diteljev za teko\u010de \u0161olsko leto so objavljene v publikaciji \u0161ole.<\/p>\n\n\n\n<figure class=\"wp-block-table\"><table><tbody><tr><td><strong>PRIIMEK<\/strong><\/td><td><strong>IME<\/strong><\/td><td><strong>ELEKTRONSKI NASLOV<\/strong><\/td><\/tr><tr><td>BERGLEZ<\/td><td>BRIGITA<\/td><td><a href=\"mailto:brigita.berglez@obdravinji.si\">brigita.berglez@obdravinji.si<\/a><\/td><\/tr><tr><td>BICSKEY<\/td><td>KAJA<\/td><td><a href=\"mailto:kaja.bicskey@obdravinji.si\">kaja.bicskey@obdravinji.si<\/a><\/td><\/tr><tr><td>BOGATAJ<\/td><td>JASMINA<\/td><td><a href=\"mailto:jasmina.bogataj@obdravinji.si\">jasmina.bogataj@obdravinji.si<\/a><\/td><\/tr><tr><td>BRDNIK<\/td><td>NEVENKA<\/td><td><a href=\"mailto:nevenka.brdnik@obdravinji.si\">nevenka.brdnik@obdravinji.si<\/a><\/td><\/tr><tr><td>BRDNIK<\/td><td>VERONIKA<\/td><td><a href=\"mailto:veronika.brdnik@obdravinji.si\">veronika.brdnik@obdravinji.si<\/a> &nbsp;<\/td><\/tr><tr><td>BRDNIK TEMPLAK<\/td><td>TANJA<\/td><td><a href=\"mailto:tanja.brdnik-templak@obdravinji.si\">tanja.brdnik-templak@obdravinji.si<\/a><\/td><\/tr><tr><td>BURI\u010c<\/td><td>TINA<\/td><td><a href=\"mailto:tina.buric@obdravinji.si\">tina.buric@obdravinji.si<\/a><\/td><\/tr><tr><td>DOLENC<\/td><td>ANITA<\/td><td><a href=\"mailto:anita.dolenc@obdravinji.si\">anita.dolenc@obdravinji.si<\/a><\/td><\/tr><tr><td>DORNER RADOSAVLJEVI\u0106<\/td><td>INGRID<\/td><td><a href=\"mailto:svetovalna.sluzba@obdravinji.si\">svetovalna.sluzba@obdravinji.si<\/a><\/td><\/tr><tr><td>FEV\u017dER<\/td><td>IRENA<\/td><td><a href=\"mailto:irena.fevzer@obdravinji.si\">irena.fevzer@obdravinji.si<\/a><\/td><\/tr><tr><td>GAJ\u0160EK<\/td><td>VALERIJA<\/td><td><a href=\"mailto:valerija.gajsek@obdravinji.si\">valerija.gajsek@obdravinji.si<\/a><\/td><\/tr><tr><td>GROLEGER<\/td><td>UR\u0160KA<\/td><td><a href=\"mailto:urska.groleger@obdravinji.si\">urska.groleger@obdravinji.si<\/a><\/td><\/tr><tr><td>HOLOBAR<\/td><td>KATJA<\/td><td><a href=\"mailto:katja.holobar@obdravinji.si\">katja.holobar@obdravinji.si<\/a><\/td><\/tr><tr><td>HRIBERNIK<\/td><td>BRIGITA<\/td><td><a href=\"mailto:brigita.hribernik@obdravinji.si\">brigita.hribernik@obdravinji.si<\/a><\/td><\/tr><tr><td>JEGRI\u0160NIK<\/td><td>TAMARA<\/td><td><a href=\"mailto:tamara.jegrisnik@obdravinji.si\">tamara.jegrisnik@obdravinji.si<\/a><\/td><\/tr><tr><td>JURAK<\/td><td>UR\u0160KA<\/td><td><a href=\"mailto:urska.jurak@obdravinji.si\">urska.jurak@obdravinji.si<\/a><\/td><\/tr><tr><td>KALAR<\/td><td>URO\u0160<\/td><td><a href=\"mailto:uros.kalar@obdravinji.si\">uros.kalar@obdravinji.si<\/a><\/td><\/tr><tr><td>KAVC<\/td><td>VERONIKA<\/td><td><a href=\"mailto:veronika.kavc@obdravinji.si\">veronika.kavc@obdravinji.si<\/a><\/td><\/tr><tr><td>KOHNE<\/td><td>NINA<\/td><td><a href=\"nina.kohne@obdravinji.si\">nina.kohne@obdravinji.si<\/a><\/td><\/tr><tr><td>KOLARI\u010c<\/td><td>UR\u0160KA<\/td><td><a href=\"mailto:urska.kolaric@obdravinji.si\">urska.kolaric@obdravinji.si<\/a><\/td><\/tr><tr><td>KONEC<\/td><td>KATARINA<\/td><td><a href=\"mailto:katarina.konec@obdravinji.si\">katarina.konec@obdravinji.si<\/a><\/td><\/tr><tr><td>KOPIN\u0160EK<\/td><td>KATARINA<\/td><td><a href=\"katarina.kopinsek@obdravinji.si\">katarina.kopinsek@obdravinji.si<\/a><\/td><\/tr><tr><td>KOVA\u010c<\/td><td>JOVITA<\/td><td><a href=\"mailto:jovita.kovac@obdravinji.si\">jovita.kovac@obdravinji.si<\/a> &nbsp;<\/td><\/tr><tr><td>KOV\u0160E BREZNIK<\/td><td>SUZANA<\/td><td><a href=\"mailto:suzana.kovse@obdravinji.si\">suzana.kovse@obdravinji.si<\/a><\/td><\/tr><tr><td>KRANJC<\/td><td>KATJA<\/td><td><a href=\"mailto:katja.kranjc@obdravinji.si\">katja.kranjc@obdravinji.si<\/a><\/td><\/tr><tr><td>KRIVEC<\/td><td>PRIMO\u017d<\/td><td><a href=\"mailto:primoz.krivec@obdravinji.si\">primoz.krivec@obdravinji.si<\/a><\/td><\/tr><tr><td>LEVART<\/td><td>ANTONIJA<\/td><td><a href=\"mailto:tonija.levart@obdravinji.si\">tonija.levart@obdravinji.si<\/a><\/td><\/tr><tr><td>LEVART<\/td><td>SANJA<\/td><td><a href=\"mailto:sanja.levart@obdravinji.si\">sanja.levart@obdravinji.si<\/a><\/td><\/tr><tr><td>LIKAVEC<\/td><td>LINA<\/td><td><a href=\"mailto:lina.likavec@obdravinji.si\">lina.likavec@obdravinji.si<\/a><\/td><\/tr><tr><td>MACUH REBERNAK<\/td><td>TEJA<\/td><td><a href=\"mailto:teja.macuh-rebernak@obdravinji.si\">teja.macuh-rebernak@obdravinji.si<\/a> &nbsp;<\/td><\/tr><tr><td>MARGU\u010c<\/td><td>NINA<\/td><td><a href=\"nina.marguc@obdravinji.si\">nina.marguc@obdravinji.si<\/a><\/td><\/tr><tr><td>MENZINGER<\/td><td>JERNEJA<\/td><td><a href=\"mailto:jerneja.menzinger@obdravinji.si\">jerneja.menzinger@obdravinji.si<\/a><\/td><\/tr><tr><td>MLAKAR<\/td><td>ANGELA<\/td><td><a href=\"mailto:angela.mlakar@obdravinji.si\">angela.mlakar@obdravinji.si<\/a><\/td><\/tr><tr><td>MLINAR<\/td><td>LEA<\/td><td><a href=\"mailto:lea.mlinar@obdravinji.si\">lea.mlinar@obdravinji.si<\/a><\/td><\/tr><tr><td>PARADI\u017dNIK<\/td><td>PETRA<\/td><td><a href=\"mailto:petra.paradiznik@obdravinji.si\">petra.paradiznik@obdravinji.si<\/a><\/td><\/tr><tr><td>PAVLOVI\u0106<\/td><td>IGOR<\/td><td><a href=\"mailto:igor.pavlovic@obdravinji.si\">igor.pavlovic@obdravinji.si<\/a> &nbsp;<\/td><\/tr><tr><td>POKORN<\/td><td>ROMANA<\/td><td><a href=\"mailto:romana.pokorn@obdravinji.si\">romana.pokorn@obdravinji.si<\/a><\/td><\/tr><tr><td>POZEB<\/td><td>SIMONA<\/td><td><a href=\"mailto:simona.pozeb@obdravinji.si\">simona.pozeb@obdravinji.si<\/a><\/td><\/tr><tr><td>RAK ZALO\u017dNIK<\/td><td>SONJA<\/td><td><a href=\"mailto:sonja.rak@obdravinji.si\">sonja.rak@obdravinji.si<\/a><\/td><\/tr><tr><td>RAMOT<\/td><td>ANJA<\/td><td><a href=\"mailto:anja.ramot@obdravinji.si\">anja.ramot@obdravinji.si<\/a><\/td><\/tr><tr><td>REBERNAK<\/td><td>BERNARDKA<\/td><td><a href=\"mailto:bernarda.rebernak@obdravinji.si\">bernarda.rebernak@obdravinji.si<\/a><\/td><\/tr><tr><td>RIBI\u010c<\/td><td>UR\u0160KA<\/td><td><a href=\"mailto:urska.ribic-hribernik@obdravinji.si\">urska.ribic@obdravinji.si<\/a><\/td><\/tr><tr><td>SELJAK<\/td><td>UR\u0160KA<\/td><td><a href=\"mailto:urska.seljak@obdravinji.si\">urska.seljak@obdravinji.si<\/a><\/td><\/tr><tr><td>SIVKA<\/td><td>\u0160PELA<\/td><td><a href=\"mailto:spela.sivka@obdravinji.si\">spela.sivka@obdravinji.si<\/a><\/td><\/tr><tr><td>SOVI\u010c<\/td><td>UR\u0160A<\/td><td><a href=\"mailto:ursa.sovic@obdravinji.si\">ursa.sovic@obdravinji.si<\/a><\/td><\/tr><tr><td>STAMPFER<\/td><td>JANJA<\/td><td><a href=\"mailto:janja.stampfer@obdravinji.si\">janja.stampfer@obdravinji.si<\/a><\/td><\/tr><tr><td>STAMPFER<\/td><td>MIHAEL<\/td><td><a href=\"mailto:mihael.stampfer@obdravinji.si\">mihael.stampfer@obdravinji.si<\/a><\/td><\/tr><tr><td>STRM\u0160EK<\/td><td>MILENA<\/td><td><a href=\"mailto:milena.strmsek@obdravinji.si\">milena.strmsek@obdravinji.si<\/a><\/td><\/tr><tr><td>\u0160KET<\/td><td>ZORICA<\/td><td><a href=\"mailto:zorica.sket@obdravinji.si\">zorica.sket@obdravinji.si<\/a><\/td><\/tr><tr><td>TRUNKL<\/td><td>MATEJA<\/td><td><a href=\"mailto:mateja.trunkl@obdravinji.si\">mateja.trunkl@obdravinji.si<\/a><\/td><\/tr><tr><td>VAHTER<\/td><td>TINA<\/td><td><a href=\"mailto:tina.vahter@obdravinji.si\">tina.vahter@obdravinji.si<\/a> &nbsp;<\/td><\/tr><tr><td>VODOVNIK<\/td><td>JASMINA<\/td><td><a href=\"mailto:jasmina.vodovnik@obdravinji.si\">jasmina.vodovnik@obdravinji.si<\/a><\/td><\/tr><tr><td>VOLAV\u0160EK<\/td><td>VALENTINA<\/td><td><a href=\"mailto:valentina.volavsek@obdravinji.si\">valentina.volavsek@obdravinji.si<\/a><\/td><\/tr><tr><td>VRTOVEC<\/td><td>ANITA<\/td><td><a href=\"mailto:anita.vrtovec@obdravinji.si\">anita.vrtovec@obdravinji.si<\/a><\/td><\/tr><tr><td>VRTOVEC<\/td><td>\u017dAN<\/td><td><a href=\"mailto:zan.vrtovec@obdravinji.si\">zan.vrtovec@obdravinji.si<\/a><\/td><\/tr><tr><td>VUHERER<\/td><td>ANDRA\u017d<\/td><td><a href=\"mailto:andraz.vuherer@obdravinji.si\">andraz.vuherer@obdravinji.si<\/a><\/td><\/tr><tr><td>ZRNEC<\/td><td>ROBERT<\/td><td><a href=\"mailto:robert.zrnec@obdravinji.si\">robert.zrnec@obdravinji.si<\/a><\/td><\/tr><\/tbody><\/table><\/figure>\n\n\n\n<p><\/p>\n\n\n\n<p><\/p>\n","protected":false},"excerpt":{"rendered":"<p>POZOR:&nbsp;U\u010ditelji uporabljajo navedene e-naslove le za ob\u010dasno komunikacijo s star\u0161i, zato star\u0161e napro\u0161amo, da&nbsp;za komunikacijo z u\u010ditelji \u0161e vedno uporabljajo telefon oz. osebni obisk v \u0161oli. Vse e-po\u0161te u\u010diteljev za teko\u010de \u0161olsko leto so objavljene v publikaciji \u0161ole. PRIIMEK IME ELEKTRONSKI NASLOV BERGLEZ BRIGITA brigita.berglez@obdravinji.si BICSKEY KAJA kaja.bicskey@obdravinji.si BOGATAJ JASMINA jasmina.bogataj@obdravinji.si BRDNIK NEVENKA nevenka.brdnik@obdravinji.si BRDNIK VERONIKA veronika.brdnik@obdravinji.si &nbsp; BRDNIK TEMPLAK TANJA tanja.brdnik-templak@obdravinji.si BURI\u010c TINA tina.buric@obdravinji.si DOLENC ANITA anita.dolenc@obdravinji.si DORNER RADOSAVLJEVI\u0106 INGRID svetovalna.sluzba@obdravinji.si FEV\u017dER IRENA irena.fevzer@obdravinji.si GAJ\u0160EK VALERIJA valerija.gajsek@obdravinji.si GROLEGER UR\u0160KA urska.groleger@obdravinji.si HOLOBAR KATJA katja.holobar@obdravinji.si HRIBERNIK BRIGITA brigita.hribernik@obdravinji.si JEGRI\u0160NIK TAMARA tamara.jegrisnik@obdravinji.si JURAK UR\u0160KA urska.jurak@obdravinji.si KALAR URO\u0160 uros.kalar@obdravinji.si KAVC VERONIKA veronika.kavc@obdravinji.si KOHNE [&hellip;]<\/p>\n","protected":false},"author":34631,"featured_media":0,"parent":0,"menu_order":0,"comment_status":"closed","ping_status":"closed","template":"","meta":{"footnotes":""},"class_list":["post-163","page","type-page","status-publish","hentry"],"_links":{"self":[{"href":"https:\/\/osobdravinji.splet.arnes.si\/index.php?rest_route=\/wp\/v2\/pages\/163","targetHints":{"allow":["GET"]}}],"collection":[{"href":"https:\/\/osobdravinji.splet.arnes.si\/index.php?rest_route=\/wp\/v2\/pages"}],"about":[{"href":"https:\/\/osobdravinji.splet.arnes.si\/index.php?rest_route=\/wp\/v2\/types\/page"}],"author":[{"embeddable":true,"href":"https:\/\/osobdravinji.splet.arnes.si\/index.php?rest_route=\/wp\/v2\/users\/34631"}],"replies":[{"embeddable":true,"href":"https:\/\/osobdravinji.splet.arnes.si\/index.php?rest_route=%2Fwp%2Fv2%2Fcomments&post=163"}],"version-history":[{"count":14,"href":"https:\/\/osobdravinji.splet.arnes.si\/index.php?rest_route=\/wp\/v2\/pages\/163\/revisions"}],"predecessor-version":[{"id":14781,"href":"https:\/\/osobdravinji.splet.arnes.si\/index.php?rest_route=\/wp\/v2\/pages\/163\/revisions\/14781"}],"wp:attachment":[{"href":"https:\/\/osobdravinji.splet.arnes.si\/index.php?rest_route=%2Fwp%2Fv2%2Fmedia&parent=163"}],"curies":[{"name":"wp","href":"https:\/\/api.w.org\/{rel}","templated":true}]}}