{"id":13,"date":"2019-09-02T06:42:59","date_gmt":"2019-09-02T05:42:59","guid":{"rendered":"http:\/\/osobdravinji.splet.arnes.si\/?page_id=13"},"modified":"2025-11-24T13:17:35","modified_gmt":"2025-11-24T12:17:35","slug":"o-soli","status":"publish","type":"page","link":"https:\/\/osobdravinji.splet.arnes.si\/?page_id=13","title":{"rendered":"O \u0161oli"},"content":{"rendered":"<p><strong>K \u0161olskemu okoli\u0161u O\u0160 Ob Dravinji spadajo naselja:<\/strong><\/p>\n<p>\u0160kalce, Slovenske Konjice \u2013 levi breg reke Dravinje (KS Slovenske Konjice), Bezina, Strtenik, Gabrovnik (KS Bezina), Brdo, Ve\u0161enik, (KS Ve\u0161enik \u2013 Brdo), Dobrne\u017e, Pre\u017eigal, Spodnja Pristava (KS Konji\u0161ka vas).<\/p>\n<p><strong>Po kon\u010danem 4. ali 5. razredu se vpi\u0161ejo na na\u0161o \u0161olo u\u010denci iz naselij:<\/strong><\/p>\n<p>Spodnje Gru\u0161ovje (KS Spodnje Gru\u0161ovje), Perovec, Tepanje, Tepanjski Vrh, Novo Tepanje (KS Tepanje).<\/p>\n<p><img loading=\"lazy\" decoding=\"async\" class=\"alignnone size-full wp-image-423\" src=\"http:\/\/osobdravinji.splet.arnes.si\/files\/2019\/09\/sola2005.jpg\" alt=\"\" width=\"500\" height=\"194\" srcset=\"https:\/\/osobdravinji.splet.arnes.si\/files\/2019\/09\/sola2005.jpg 500w, https:\/\/osobdravinji.splet.arnes.si\/files\/2019\/09\/sola2005-300x116.jpg 300w, https:\/\/osobdravinji.splet.arnes.si\/files\/2019\/09\/sola2005-142x55.jpg 142w\" sizes=\"auto, (max-width: 500px) 100vw, 500px\" \/><\/p>\n<p><strong>Na podru\u017eni\u010dno \u0161olo Tepanje se v 1. razred vpi\u0161ejo u\u010denci iz naselij:<\/strong><\/p>\n<p>Spodnje Gru\u0161ovje (KS Spodnje Gru\u0161ovje), Perovec, Tepanje, Tepanjski Vrh, Novo Tepanje (KS Tepanje).<\/p>\n<p><strong>ORGANI UPRAVLJANJA \u0160OLE<\/strong><\/p>\n<p><strong>Svet zavoda<\/strong><\/p>\n<p>Svet zavoda je najvi\u0161ji organ \u0161ole. Sestavlja ga enajst \u010dlanov: trije predstavniki ustanovitelja zavoda, trije predstavniki star\u0161ev in pet predstavnikov delavcev zavoda.<\/p>\n<p>Svet zavoda med drugim sprejema letni delovni na\u010drt \u0161ole, zaklju\u010dno poro\u010dilo o delu \u0161ole, imenuje in razre\u0161uje ravnatelja \u0161ole in opravlja mnoge druge, z zakonom dolo\u010dene naloge.<\/p>\n<p><strong>Ravnatelj<\/strong><\/p>\n<p>Ravnatelj je pedago\u0161ki in poslovodni organ \u0161ole. Ravnateljica Osnovne \u0161ole Ob Dravinji je\u00a0<em>mag. Nevenka Brdnik<\/em>, profesorica franco\u0161\u010dine in angle\u0161\u010dine. Mandat ravnatelja \u0161ole je 5 let, imenuje ga svet zavoda po postopku, ki je dolo\u010den z zakonom.<\/p>\n<p><strong>Pomo\u010dnik ravnatelja<\/strong><\/p>\n<p>Pomo\u010dnik ravnatelja opravlja naloge, za katere ga pisno pooblasti ravnatelj. Pomo\u010dnici ravnateljice Osnovne \u0161ole Ob Dravinji sta Anita Vrtovec, u\u010diteljica \u0161porta in Jasmina Bogataj, profesorica angle\u0161\u010dine in zgodovine.<\/p>\n<p><strong>STROKOVNI ORGANI \u0160OLE<\/strong><\/p>\n<p><strong>U\u010diteljski zbor<\/strong><\/p>\n<p>U\u010diteljski zbor sestavljajo vsi u\u010ditelji \u0161ole, delavci \u0161olske svetovalne slu\u017ebe, ra\u010dunalnikar in knji\u017eni\u010dar. U\u010diteljski zbor obravnava strokovna vpra\u0161anja, povezana z vzgojno-izobra\u017eevalnim delom, in odlo\u010da o njih, daje mnenja o letnem delovnem na\u010drtu, odlo\u010da o vzgojnih ukrepih in opravlja druge naloge v skladu z zakonom.<\/p>\n<p><strong>Oddel\u010dni u\u010diteljski zbor<\/strong><\/p>\n<p>Oddel\u010dni u\u010diteljski zbor sestavljajo u\u010ditelji, ki opravljajo vzgojno-izobra\u017eevalno delo v posameznem oddelku. Oddel\u010dni u\u010diteljski zbor obravnava vzgojno-izobra\u017eevalno problematiko oddelka.<\/p>\n<p><strong>Razrednik<\/strong><\/p>\n<p>Razrednik vodi oddelek ter delo oddel\u010dnega u\u010diteljskega zbora, analizira vzgojne in u\u010dne rezultate oddelka, skrbi za re\u0161evanje vzgojnih in u\u010dnih problemov posameznih u\u010dencev, sodeluje s star\u0161i in \u0161olsko svetovalno slu\u017ebo, odlo\u010da o vzgojnih ukrepih ter opravlja druge naloge v skladu z zakonom.<\/p>\n<p><strong>Strokovni aktivi<\/strong><\/p>\n<p>Na \u0161oli delujejo\u00a0strokovni aktivi.<\/p>\n<p><strong>Svetovalna slu\u017eba<\/strong><\/p>\n<p>Sestavljajo jo Kaja Bicskey, Ingrid Dorner Radosavljevi\u0107 in Suzana Kov\u0161e Breznik.<\/p>\n<p><strong>DRUGI ORGANI \u0160OLE<\/strong><\/p>\n<p><strong>Svet star\u0161ev<\/strong><\/p>\n<p>Za organizacijo in uresni\u010devanje interesa star\u0161ev se v javni \u0161oli oblikuje svet star\u0161ev. Svet star\u0161ev je sestavljen tako, da ima v njem vsak oddelek po enega predstavnika, ki ga izvolijo star\u0161i na prvem roditeljskem sestanku.<\/p>\n<p><strong>Skupnost u\u010dencev \u0161ole<\/strong><\/p>\n<p>U\u010denci uresni\u010dujejo svoje pravice in interese preko svojih predstavnikov, ki so povezani v skupnost u\u010dencev \u0161ole. Skupnost u\u010dencev \u0161ole je tisti organ, ki zbira pripombe in predloge oddel\u010dnih skupnosti ter skrbi za uresni\u010devanje teh predlogov in pripomb.<\/p>\n<p><strong>\u0160olski parlament<\/strong><\/p>\n<p>\u0160olski parlament je izvr\u0161ilni organ skupnosti u\u010dencev \u0161ole. Sestavljajo ga u\u010denci, ki jih izvoli skupnost u\u010dencev \u0161ole. U\u010denci v \u0161olskem parlamentu razpravljajo o aktualnih problemih in oblikujejo njihove re\u0161itve.<\/p>\n<p><strong>INFORMACIJE O OBDELAVI OSEBNIH PODATKOV ZA POSAMEZNIKE<\/strong><\/p>\n<p>Kontaktni podatki upravljalca:<\/p>\n<table border=\"1\" cellspacing=\"0\" cellpadding=\"0\">\n<tbody>\n<tr>\n<td valign=\"top\" width=\"149\"><strong>Naziv:<\/strong><\/td>\n<td valign=\"top\" width=\"418\">Osnovna \u0161ola Ob Dravinji Slovenske Konjice<\/td>\n<\/tr>\n<tr>\n<td valign=\"top\" width=\"149\"><strong>Sede\u017e:<\/strong><\/td>\n<td valign=\"top\" width=\"418\">Ul Dru\u0161ana Jereba 1, 3210 Slovenske Konjice<\/td>\n<\/tr>\n<tr>\n<td valign=\"top\" width=\"149\"><strong>Zakoniti zastopnik:<\/strong><\/td>\n<td valign=\"top\" width=\"418\">mag. Nevenka Brdnik<\/td>\n<\/tr>\n<tr>\n<td valign=\"top\" width=\"149\"><strong>Telefon:<\/strong><\/td>\n<td valign=\"top\" width=\"418\">03 757 27 31<\/td>\n<\/tr>\n<tr>\n<td valign=\"top\" width=\"149\"><strong>e-mail:<\/strong><\/td>\n<td valign=\"top\" width=\"418\"><a href=\"mailto:info@osobdravinji.si\">info@osobdravinji.si<\/a><\/td>\n<\/tr>\n<\/tbody>\n<\/table>\n<p>Poobla\u0161\u010dena oseba za varstvo osebnih podatkov:<\/p>\n<p><strong>Center za pravno pomo\u010d, d.o.o.<\/strong><\/p>\n<p><strong>Mariborska cesta 69, 3000 Celje<br \/>\n<\/strong><\/p>\n<p><strong>Telefon: 059 340 912<br \/>\n<\/strong><\/p>\n<p><strong>Katja Tretjak, univ. dipl. prav.<\/strong><\/p>\n<p><strong>e-mail: <a href=\"mailto:katja@czpp.si\" target=\"_blank\" rel=\"noopener noreferrer\">katja@czpp.si<\/a><\/strong><\/p>\n<p>Star\u0161i, zaposleni, \u010dlani organov zavoda in morebitni drugi posamezniki, na katere se nana\u0161ajo osebni podatki, ki jih obdeluje \u0161ola, imajo mo\u017enost glede vseh vpra\u0161anj, vezanih na obdelavo njihovih osebnih podatkov, samostojno stopiti v stik s poobla\u0161\u010deno osebo za varstvo osebnih podatkov preko zgoraj objavljenih kontaktnih podatkov. Na poobla\u0161\u010deno osebo za varstvo osebnih podatkov se lahko navedene osebe obra\u010date tudi z namenom uresni\u010devanja va\u0161ih pravic na podlagi predpisov, ki urejajo podro\u010dje varstva osebnih podatkov (pravica dostopa, pravica do popravka, pravica do izbrisa, pravica do omejitve obdelave, pravica do prenosljivosti podatkov, pravica do ugovora).<\/p>\n<p><strong>1. Namen obdelave osebnih podatkov in pravni temelji za obdelavo osebnih podatkov<\/strong><\/p>\n<p>\u0160ola Osnovna \u0161ola Ob Dravinji Slovenske Konjice obdeluje osebne podatke u\u010dencev, star\u0161ev, zaposlenih, \u010dlanov organov \u0161ole in morebitnih ostalih oseb, kadar je to potrebno, oziroma kadar ima \u0161ola za to pridobljeno ustrezno soglasje.<\/p>\n<p>Osebne podatke u\u010dencev in njihovih star\u0161ev obdelujemo z namenom izvajanja vzgojno-izobra\u017eevalne dejavnosti in z namenom spremljanja razvoja u\u010dencev, ki predstavlja podlago za ustrezno postopanje zaposlenih v zavodu, ter za svetovanje in obve\u0161\u010danje star\u0161ev u\u010dencev.<\/p>\n<p>Osebne podatke zaposlenih obdelujemo za nemene izvajanja postopkov zaposlovanja, ter za zagotavljanje nemotenega poteka dela in s tem povezanih postopkov.<\/p>\n<p>Osebne podatke \u010dlanov organov \u0161ole (svet star\u0161ev, svet zavoda) obdelujemo z namenom zagotavljanja administrativne podpore organom zavoda.<\/p>\n<p>Osebne podatke pridobivamo in obdelujemo bodisi na podlagi predpisov, v nasprotnem primeru pa po predhodno izra\u017eeni volji (soglasju) star\u0161ev, zaposlenih ali \u010dlanov organov \u0161ole. V dolo\u010denih primerih osebne podatke obdelujemo tudi z namenom izpolnjevanja specifi\u010dnih pogodbenih obveznosti \u0161ole, z namenom izvajanja vzgojno-izobra\u017eevalne dejavnosti.<\/p>\n<p>Zakonski pravni temelji osnovne \u0161ole za obdelavo osebnih podatkov:<\/p>\n<ul>\n<li>Uredba (EU) 2016\/679 Evropskega Parlamenta in Sveta z dne 27.4.2016 o varstvu posameznikov pri obdelavi osebnih podatkov inn o prostem pretoku takih podatkov, ter o razveljavitvi Direktive 95\/46\/ES<\/li>\n<li>Zakon o varstvu osebnih podatkov (Ur. l. RS, \u0161t. 94\/07-UPB1; ZVOP-1)<\/li>\n<li>Zakon o organizaciji in financiranju vzgoje in izobra\u017eevanja (Ur.l. \u0161t. 16\/07 UPB5, 36\/08, 58\/09 (64\/09 popr. in 65\/09 popr.),\u00a020\/11,\u00a040\/12-ZUJF\u00a0in 57\/12-ZPCP-2D, 47\/15, 46\/16 (49\/16 popr.) &#8211; ZOFVI)<\/li>\n<li><strong>Zakon o delovnih razmerjih<\/strong><\/li>\n<li>Zakon o osnovni \u0161oli (Ur.l. \u0161t. 81\/06 UPB3, 102\/07, 107\/10, \u00a087\/11, 40\/12-ZUJF in 63\/13 in 46\/16 \u2013 ZOFVI-K)<\/li>\n<li>Pravilnik o zbiranju in varstvu osebnih podatkov na podro\u010dju osnovno\u0161olskega izobra\u017eevanja (Ur. l. RS, \u0161t. 80\/2004 in 76\/08)<\/li>\n<li>ter drugi predpisi EU, mednarodne pogodbe ali nacionalni predpisi, ki \u0161oli nalagajo obdelavo ali posredovanje osebnih podatkov dr\u017eavnim organom ali drugim upravljalcem z namenom izpolnjevanja lastnih ali njihovih zakonskih obveznosti in pristojnosti.<\/li>\n<li><\/li>\n<\/ul>\n<p><strong>Posameznik lahko podana soglasja kadarkoli v celoti ali delno prekli\u010de<\/strong>. Preklic je lahko trajen ali za\u010dasen. Preklic posameznik izvede s poslano pisno zahtevo na naslov \u0161ole, ali po elektronski po\u0161ti:\u00a0<a href=\"mailto:info@osobdravinji.si\">info@osobdravinji.si<\/a>. Preklic posameznika nima vpliva na zakonitost obdelave osebnih podatkov, ki jo je \u0161ola izvajala pred prejetim preklicem.<\/p>\n<p>V kolikor posameznik meni, da \u0161ola obdelavo osebnih podatkov izvaja v nasprotju z veljavnimi predpisi na podro\u010dju varstva osebnih podatkov, ima pravico vlo\u017eiti\u00a0<strong>prito\u017ebo pri Informacijskem poobla\u0161\u010dencu Republike Slovenije<\/strong>.<\/p>\n<p><strong>2. Obdobje hrambe osebnih podatkov<\/strong><\/p>\n<p>\u0160ola osebne podatke obdeluje v mejah in na na\u010din, kot to dolo\u010dajo predpisi na podro\u010dju varstva osebnih podatkov. Osebne podatke tako obdelujemo in hranimo zgolj v obsegu, ki je potreben za uresni\u010devanje namena obdelave, ter v \u010dasovnem obdobju, dokler je hramba potrebna za doseganje zasledovanega cilja.<\/p>\n<p>Kadar je rok hrambe predpisan z zakonom ali podzakonskim aktom, bo \u0161ola osebne podatke hranila zgolj do poteka predpisanega roka hrambe. V ostalih primerih bo \u0161ola osebne podatke hranila znotraj okvira zastaralnih rokov za morebitne obveznosti, ki bi lahko izhajale iz obdelave osebnih podatkov ali iz izvedenih pogodbenih obveznosti \u0161ole.<\/p>\n<p>Roki hrambe posameznih kategorij osebnih podatkov so natan\u010dneje dolo\u010deni v Evidenci obdelave osebnih podatkov, ki je priloga internega akta zavoda, ki ureja podro\u010dje varstva osebnih podatkov.<\/p>\n","protected":false},"excerpt":{"rendered":"<p>K \u0161olskemu okoli\u0161u O\u0160 Ob Dravinji spadajo naselja: \u0160kalce, Slovenske Konjice \u2013 levi breg reke Dravinje (KS Slovenske Konjice), Bezina, Strtenik, Gabrovnik (KS Bezina), Brdo, Ve\u0161enik, (KS Ve\u0161enik \u2013 Brdo), Dobrne\u017e, Pre\u017eigal, Spodnja Pristava (KS Konji\u0161ka vas). Po kon\u010danem 4. ali 5. razredu se vpi\u0161ejo na na\u0161o \u0161olo u\u010denci iz naselij: Spodnje Gru\u0161ovje (KS Spodnje Gru\u0161ovje), Perovec, Tepanje, Tepanjski Vrh, Novo Tepanje (KS Tepanje). Na podru\u017eni\u010dno \u0161olo Tepanje se v 1. razred vpi\u0161ejo u\u010denci iz naselij: Spodnje Gru\u0161ovje (KS Spodnje Gru\u0161ovje), Perovec, Tepanje, Tepanjski Vrh, Novo Tepanje (KS Tepanje). ORGANI UPRAVLJANJA \u0160OLE Svet zavoda Svet zavoda je najvi\u0161ji organ \u0161ole. [&hellip;]<\/p>\n","protected":false},"author":34631,"featured_media":0,"parent":0,"menu_order":0,"comment_status":"closed","ping_status":"closed","template":"","meta":{"footnotes":""},"class_list":["post-13","page","type-page","status-publish","hentry"],"_links":{"self":[{"href":"https:\/\/osobdravinji.splet.arnes.si\/index.php?rest_route=\/wp\/v2\/pages\/13","targetHints":{"allow":["GET"]}}],"collection":[{"href":"https:\/\/osobdravinji.splet.arnes.si\/index.php?rest_route=\/wp\/v2\/pages"}],"about":[{"href":"https:\/\/osobdravinji.splet.arnes.si\/index.php?rest_route=\/wp\/v2\/types\/page"}],"author":[{"embeddable":true,"href":"https:\/\/osobdravinji.splet.arnes.si\/index.php?rest_route=\/wp\/v2\/users\/34631"}],"replies":[{"embeddable":true,"href":"https:\/\/osobdravinji.splet.arnes.si\/index.php?rest_route=%2Fwp%2Fv2%2Fcomments&post=13"}],"version-history":[{"count":6,"href":"https:\/\/osobdravinji.splet.arnes.si\/index.php?rest_route=\/wp\/v2\/pages\/13\/revisions"}],"predecessor-version":[{"id":14789,"href":"https:\/\/osobdravinji.splet.arnes.si\/index.php?rest_route=\/wp\/v2\/pages\/13\/revisions\/14789"}],"wp:attachment":[{"href":"https:\/\/osobdravinji.splet.arnes.si\/index.php?rest_route=%2Fwp%2Fv2%2Fmedia&parent=13"}],"curies":[{"name":"wp","href":"https:\/\/api.w.org\/{rel}","templated":true}]}}