{"id":10058,"date":"2023-10-02T08:13:26","date_gmt":"2023-10-02T06:13:26","guid":{"rendered":"https:\/\/osobdravinji.splet.arnes.si\/?page_id=10058"},"modified":"2023-10-02T08:49:36","modified_gmt":"2023-10-02T06:49:36","slug":"zdravniski-pregledi","status":"publish","type":"page","link":"https:\/\/osobdravinji.splet.arnes.si\/?page_id=10058","title":{"rendered":"Zdravni\u0161ki pregledi"},"content":{"rendered":"\n<p><strong>ZDRAVNI\u0160KI PREGLEDI<\/strong><\/p>\n\n\n\n<p>Preventivno zdravstveno varstvo otrok in mladostnikov ureja<a rel=\"noreferrer noopener\" href=\"http:\/\/www.pisrs.si\/Pis.web\/pregledPredpisa?id=NAVO59&amp;d-16544-s=2&amp;d-16544-o=2&amp;d-16544-p=1\" target=\"_blank\"><br>Pravilnik za izvajanje preventivnega zdravstvenega varstva na primarni ravni<\/a> (Ur.l.RS,\u00a0<a href=\"http:\/\/www.uradni-list.si\/_pdf\/1998\/Ur\/u1998019.pdf#!\/u1998019-pdf\">\u0161t.\u00a019\/1998<\/a>,\u00a0<a href=\"http:\/\/www.uradni-list.si\/1\/objava.jsp?urlid=199847&amp;stevilka=2054%22%20%5Ct%20%22_blank\">47\/1998,<\/a>\u00a0<a href=\"http:\/\/www.uradni-list.si\/1\/objava.jsp?urlid=200026&amp;stevilka=1164%22%20%5Ct%20%22_blank\">26\/2000,<\/a>\u00a0<a href=\"http:\/\/www.uradni-list.si\/1\/objava.jsp?urlid=200167&amp;stevilka=3579%22%20%5Ct%20%22_blank\">67\/2001,<\/a>\u00a0<a href=\"http:\/\/www.uradni-list.si\/1\/objava.jsp?urlid=200233&amp;stevilka=1391%22%20%5Ct%20%22_blank\">33\/2002,<\/a>\u00a0<a href=\"http:\/\/www.uradni-list.si\/1\/objava.jsp?urlid=200337&amp;stevilka=1730%22%20%5Ct%20%22_blank\">37\/2003,<\/a>\u00a0<a href=\"http:\/\/www.uradni-list.si\/1\/objava.jsp?urlid=2004117&amp;stevilka=4812%22%20%5Ct%20%22_blank\">117\/2004,<\/a>\u00a0<\/p>\n\n\n\n<p><a href=\"http:\/\/www.uradni-list.si\/1\/objava.jsp?urlid=200531&amp;stevilka=1043%22%20%5Ct%20%22_blank\">31\/2005,<\/a>\u00a0<a href=\"http:\/\/www.uradni-list.si\/1\/objava.jsp?urlid=200783&amp;stevilka=4215%22%20%5Ct%20%22_blank\">83\/2007,<\/a>\u00a0<a href=\"http:\/\/www.uradni-list.si\/1\/objava.jsp?urlid=200922&amp;stevilka=867%22%20%5Ct%20%22_blank\">22\/2009<\/a>,<a href=\"https:\/\/www.uradni-list.si\/_pdf\/2015\/Ur\/u2015017.pdf\">\u00a017\/2015<\/a>,\u00a0<a href=\"https:\/\/www.uradni-list.si\/_pdf\/2018\/Ur\/u2018047.pdf\">47\/2018<\/a>,\u00a0<a href=\"https:\/\/www.uradni-list.si\/_pdf\/2018\/Ur\/u2018057.pdf\">57\/2018<\/a>,\u00a0<a rel=\"noreferrer noopener\" href=\"https:\/\/www.uradni-list.si\/glasilo-uradni-list-rs\/vsebina\/2018-01-2826?sop=2018-01-2826\" target=\"_blank\">57\/2018<\/a>\u00a0in\u00a0<a rel=\"noreferrer noopener\" href=\"https:\/\/www.uradni-list.si\/glasilo-uradni-list-rs\/vsebina\/2021-01-1157?sop=2021-01-1157\" target=\"_blank\">57\/2021<\/a>). V aprilu 2021 je bil Pravilnik v delu, ki ureja preventivno zdravstveno varstvo otrok in mladostnikov, prenovljen s\u00a0<a rel=\"noreferrer noopener\" href=\"https:\/\/www.uradni-list.si\/glasilo-uradni-list-rs\/vsebina\/2021-01-1157?sop=2021-01-1157\" target=\"_blank\">Pravilnikom o spremembah Pravilnika za izvajanje preventivnega zdravstvenega varstva na primarni ravni<\/a>.<\/p>\n\n\n\n<p>Pravilnik definira program sistemati\u010dnih preventivnih pregledov s presejalnimi testiranji, obvezno in priporo\u010deno cepljenje, vrste namenskih preventivnih pregledov, timsko obravnavo, medicinsko svetovanje ter programirano zdravstveno vzgojo glede na zna\u010dilnosti posameznih razvojnih obdobij &#8211;<strong>PROGRAM ZDAJ<\/strong> (<a href=\"https:\/\/zdaj.net\/\">https:\/\/zdaj.net\/<\/a>).<\/p>\n\n\n\n<p>Program preventivnega zdravstvenega varstva otrok in mladostnikov obsega razli\u010dne programe v zdravstvenem varstvu za novorojen\u010dke, dojen\u010dke in otroke do dopolnjenega 6. leta starosti, \u0161olske otroke in mladino do dopolnjenega 19. leta ter vzgoja za zdravje za otroke in mladostnike ter star\u0161e, vklju\u010dno s \u0161olo za bodo\u010de star\u0161e.<\/p>\n\n\n\n<p>V leto\u0161njem \u0161olskem letu so za na\u0161e u\u010dence predvideni preventivni sistematski pregledi po razporedu:<\/p>\n\n\n\n<figure class=\"wp-block-table\"><table><tbody><tr><td>19.9.2023<\/td><td>7:30<\/td><td>4.A<\/td><\/tr><tr><td>20.9.2023<\/td><td>7:30<\/td><td>4.B<\/td><\/tr><tr><td>10.10.2023<\/td><td>7:30<\/td><td>6.A<\/td><\/tr><tr><td>11.10.2023<\/td><td>7:30<\/td><td><strong>Tepanje 2. + 4.<\/strong><\/td><\/tr><tr><td>17.10.2023<\/td><td>7:30<\/td><td>6.B<\/td><\/tr><tr><td>24.10.2023<\/td><td>7:30<\/td><td>6.C<\/td><\/tr><tr><td>14.11.2023<\/td><td>7:30<\/td><td>8.A<\/td><\/tr><tr><td>21.11.2023<\/td><td>7:30<\/td><td>8.B<\/td><\/tr><tr><td>28.11.2023<\/td><td>7:30<\/td><td>8.C<\/td><\/tr><tr><td>20.12.2023<\/td><td>7:30<\/td><td>2.A<\/td><\/tr><tr><td>10.01.2023<\/td><td>7:30<\/td><td>2.B<\/td><\/tr><tr><td>5.3.2024<\/td><td>&nbsp;<\/td><td>vstopniki<\/td><\/tr><tr><td>12.3.2024<\/td><td>&nbsp;<\/td><td>vstopniki<\/td><\/tr><tr><td>19.3.2024<\/td><td>&nbsp;<\/td><td>vstopniki<\/td><\/tr><tr><td>26.3.2024<\/td><td>&nbsp;<\/td><td>vstopniki<\/td><\/tr><tr><td>2.4.2024<\/td><td>&nbsp;<\/td><td>vstopniki<\/td><\/tr><\/tbody><\/table><\/figure>\n\n\n\n<p>Natan\u010dnej\u0161o opredelitev kaj preventivni pregled zajema, najdete na povezavi <a href=\"https:\/\/zdaj.net\/wp-content\/uploads\/2023\/08\/Smernice-Programa-ZDAJ-za-izvajanje-preventivnih-pregledov-ucencev-pdf-v4.pdf\">https:\/\/zdaj.net\/wp-content\/uploads\/2023\/08\/Smernice-Programa-ZDAJ-za-izvajanje-preventivnih-pregledov-ucencev-pdf-v4.pdf<\/a> .<\/p>\n\n\n\n<p>Lep pozdrav,<\/p>\n\n\n\n<p>\u0160olska svetovalna slu\u017eba<\/p>\n\n\n\n<div class=\"wp-block-file\"><a id=\"wp-block-file--media-c8e161a1-65cd-46da-99b4-a9a1e36e3c51\" href=\"https:\/\/osobdravinji.splet.arnes.si\/files\/2023\/10\/Sistematski_pregledi_otrok_in_mladostnikov.pdf\"><strong>Sistematski pregledi (vsebina)<\/strong><\/a><a href=\"https:\/\/osobdravinji.splet.arnes.si\/files\/2023\/10\/Sistematski_pregledi_otrok_in_mladostnikov.pdf\" class=\"wp-block-file__button\" download aria-describedby=\"wp-block-file--media-c8e161a1-65cd-46da-99b4-a9a1e36e3c51\">Prenos<\/a><\/div>\n","protected":false},"excerpt":{"rendered":"<p>ZDRAVNI\u0160KI PREGLEDI Preventivno zdravstveno varstvo otrok in mladostnikov urejaPravilnik za izvajanje preventivnega zdravstvenega varstva na primarni ravni (Ur.l.RS,\u00a0\u0161t.\u00a019\/1998,\u00a047\/1998,\u00a026\/2000,\u00a067\/2001,\u00a033\/2002,\u00a037\/2003,\u00a0117\/2004,\u00a0 31\/2005,\u00a083\/2007,\u00a022\/2009,\u00a017\/2015,\u00a047\/2018,\u00a057\/2018,\u00a057\/2018\u00a0in\u00a057\/2021). V aprilu 2021 je bil Pravilnik v delu, ki ureja preventivno zdravstveno varstvo otrok in mladostnikov, prenovljen s\u00a0Pravilnikom o spremembah Pravilnika za izvajanje preventivnega zdravstvenega varstva na primarni ravni. Pravilnik definira program sistemati\u010dnih preventivnih pregledov s presejalnimi testiranji, obvezno in priporo\u010deno cepljenje, vrste namenskih preventivnih pregledov, timsko obravnavo, medicinsko svetovanje ter programirano zdravstveno vzgojo glede na zna\u010dilnosti posameznih razvojnih obdobij &#8211;PROGRAM ZDAJ (https:\/\/zdaj.net\/). Program preventivnega zdravstvenega varstva otrok in mladostnikov obsega razli\u010dne programe v zdravstvenem varstvu za novorojen\u010dke, dojen\u010dke in otroke [&hellip;]<\/p>\n","protected":false},"author":35617,"featured_media":0,"parent":0,"menu_order":0,"comment_status":"closed","ping_status":"closed","template":"","meta":{"footnotes":""},"class_list":["post-10058","page","type-page","status-publish","hentry"],"_links":{"self":[{"href":"https:\/\/osobdravinji.splet.arnes.si\/index.php?rest_route=\/wp\/v2\/pages\/10058","targetHints":{"allow":["GET"]}}],"collection":[{"href":"https:\/\/osobdravinji.splet.arnes.si\/index.php?rest_route=\/wp\/v2\/pages"}],"about":[{"href":"https:\/\/osobdravinji.splet.arnes.si\/index.php?rest_route=\/wp\/v2\/types\/page"}],"author":[{"embeddable":true,"href":"https:\/\/osobdravinji.splet.arnes.si\/index.php?rest_route=\/wp\/v2\/users\/35617"}],"replies":[{"embeddable":true,"href":"https:\/\/osobdravinji.splet.arnes.si\/index.php?rest_route=%2Fwp%2Fv2%2Fcomments&post=10058"}],"version-history":[{"count":8,"href":"https:\/\/osobdravinji.splet.arnes.si\/index.php?rest_route=\/wp\/v2\/pages\/10058\/revisions"}],"predecessor-version":[{"id":10073,"href":"https:\/\/osobdravinji.splet.arnes.si\/index.php?rest_route=\/wp\/v2\/pages\/10058\/revisions\/10073"}],"wp:attachment":[{"href":"https:\/\/osobdravinji.splet.arnes.si\/index.php?rest_route=%2Fwp%2Fv2%2Fmedia&parent=10058"}],"curies":[{"name":"wp","href":"https:\/\/api.w.org\/{rel}","templated":true}]}}